{"id":317,"date":"2025-09-08T19:44:29","date_gmt":"2025-09-08T17:44:29","guid":{"rendered":"http:\/\/kodbehn.cluster100.hosting.ovh.net\/?page_id=317"},"modified":"2025-09-08T20:33:06","modified_gmt":"2025-09-08T18:33:06","slug":"chambre-la-seranne","status":"publish","type":"page","link":"https:\/\/villalesoliviers-cevennes.fr\/index.php\/chambre-la-seranne\/","title":{"rendered":"Chambre \u00ab\u00a0La S\u00e9ranne\u00a0\u00bb"},"content":{"rendered":"\n<h2 class=\"wp-block-heading\">Pr\u00e9sentation<\/h2>\n\n\n\n<div class=\"wp-block-columns is-layout-flex wp-container-core-columns-is-layout-28f84493 wp-block-columns-is-layout-flex\">\n<div class=\"wp-block-column is-layout-flow wp-block-column-is-layout-flow\" style=\"flex-basis:66.66%\">\n<p>Chambre avec vue en hauteur sur les collines, comprenant deux lits simples (90) pouvant \u00eatre accol\u00e9s si souhait\u00e9 et un coin salle d&rsquo;eau avec lavabo, douche et toilettes.<\/p>\n<\/div>\n\n\n\n<div class=\"wp-block-column is-style-section-1 is-layout-flow wp-block-column-is-layout-flow is-style-section-1--1\" style=\"flex-basis:33.33%\">\n<ul class=\"wp-block-list\">\n<li>Heure d&rsquo;arriv\u00e9e 16:00<\/li>\n\n\n\n<li>Heure de d\u00e9part 11:00<\/li>\n\n\n\n<li>Capacit\u00e9 maximum : 2 personne(s)<\/li>\n\n\n\n<li>Lit(s) simple(s) : 2<\/li>\n<\/ul>\n<\/div>\n<\/div>\n\n\n\n<h2 class=\"wp-block-heading\">Votre confort, nos services<\/h2>\n\n\n\n<ul class=\"wp-block-list\">\n<li>Bouilloire \u00e9lectrique<\/li>\n\n\n\n<li>Cafeti\u00e8re<\/li>\n\n\n\n<li>Chambres non fumeur<\/li>\n\n\n\n<li>Double vitrage<\/li>\n\n\n\n<li>Douche<\/li>\n\n\n\n<li>Draps et linges compris<\/li>\n\n\n\n<li>Produits de bains<\/li>\n\n\n\n<li>Salle de bain privative<\/li>\n\n\n\n<li>S\u00e8che cheveux<\/li>\n\n\n\n<li>Wifi gratuit<\/li>\n<\/ul>\n","protected":false},"excerpt":{"rendered":"<p>Pr\u00e9sentation Chambre avec vue en hauteur sur les collines, comprenant deux lits simples (90) pouvant \u00eatre accol\u00e9s si souhait\u00e9 et un coin salle d&rsquo;eau avec lavabo, douche et toilettes. Votre confort, nos services<\/p>\n","protected":false},"author":1,"featured_media":0,"parent":0,"menu_order":0,"comment_status":"closed","ping_status":"closed","template":"","meta":{"footnotes":""},"class_list":["post-317","page","type-page","status-publish","hentry"],"_links":{"self":[{"href":"https:\/\/villalesoliviers-cevennes.fr\/index.php\/wp-json\/wp\/v2\/pages\/317","targetHints":{"allow":["GET"]}}],"collection":[{"href":"https:\/\/villalesoliviers-cevennes.fr\/index.php\/wp-json\/wp\/v2\/pages"}],"about":[{"href":"https:\/\/villalesoliviers-cevennes.fr\/index.php\/wp-json\/wp\/v2\/types\/page"}],"author":[{"embeddable":true,"href":"https:\/\/villalesoliviers-cevennes.fr\/index.php\/wp-json\/wp\/v2\/users\/1"}],"replies":[{"embeddable":true,"href":"https:\/\/villalesoliviers-cevennes.fr\/index.php\/wp-json\/wp\/v2\/comments?post=317"}],"version-history":[{"count":2,"href":"https:\/\/villalesoliviers-cevennes.fr\/index.php\/wp-json\/wp\/v2\/pages\/317\/revisions"}],"predecessor-version":[{"id":353,"href":"https:\/\/villalesoliviers-cevennes.fr\/index.php\/wp-json\/wp\/v2\/pages\/317\/revisions\/353"}],"wp:attachment":[{"href":"https:\/\/villalesoliviers-cevennes.fr\/index.php\/wp-json\/wp\/v2\/media?parent=317"}],"curies":[{"name":"wp","href":"https:\/\/api.w.org\/{rel}","templated":true}]}}