{"id":190,"date":"2025-08-06T13:18:36","date_gmt":"2025-08-06T11:18:36","guid":{"rendered":"http:\/\/kodbehn.cluster100.hosting.ovh.net\/?page_id=190"},"modified":"2025-08-06T13:28:03","modified_gmt":"2025-08-06T11:28:03","slug":"gallerie-photos","status":"publish","type":"page","link":"https:\/\/villalesoliviers-cevennes.fr\/index.php\/gallerie-photos\/","title":{"rendered":"Gallerie photos"},"content":{"rendered":"\n<h2 class=\"wp-block-heading is-style-text-display has-xx-large-font-size is-style-text-display--1\">Gallerie photos<\/h2>\n\n\n\n<div class=\"wp-block-group alignfull has-global-padding is-layout-constrained wp-block-group-is-layout-constrained\" style=\"margin-top:0;margin-bottom:0;padding-top:var(--wp--preset--spacing--50);padding-bottom:var(--wp--preset--spacing--50)\">\n<div class=\"wp-block-group alignwide is-layout-grid wp-container-core-group-is-layout-21f393a4 wp-block-group-is-layout-grid\">\n<figure class=\"wp-block-image size-full is-style-default\"><img loading=\"lazy\" decoding=\"async\" width=\"1280\" height=\"687\" src=\"http:\/\/kodbehn.cluster100.hosting.ovh.net\/wp-content\/uploads\/2025\/02\/villa_les_oliviers_chambres_d_hotes__vue_piscine__high_res.jpg\" alt=\"\" class=\"wp-image-15\" style=\"aspect-ratio:1;object-fit:cover\" srcset=\"http:\/\/www.villalesoliviers-cevennes.fr\/wp-content\/uploads\/2025\/02\/villa_les_oliviers_chambres_d_hotes__vue_piscine__high_res.jpg 1280w, http:\/\/www.villalesoliviers-cevennes.fr\/wp-content\/uploads\/2025\/02\/villa_les_oliviers_chambres_d_hotes__vue_piscine__high_res-300x161.jpg 300w, http:\/\/www.villalesoliviers-cevennes.fr\/wp-content\/uploads\/2025\/02\/villa_les_oliviers_chambres_d_hotes__vue_piscine__high_res-1024x550.jpg 1024w, http:\/\/www.villalesoliviers-cevennes.fr\/wp-content\/uploads\/2025\/02\/villa_les_oliviers_chambres_d_hotes__vue_piscine__high_res-768x412.jpg 768w\" sizes=\"auto, (max-width: 1280px) 100vw, 1280px\" \/><\/figure>\n\n\n\n<figure class=\"wp-block-image size-full\"><img loading=\"lazy\" decoding=\"async\" width=\"2560\" height=\"1926\" src=\"http:\/\/kodbehn.cluster100.hosting.ovh.net\/wp-content\/uploads\/2025\/03\/villa_les_oliviers_chambres_d_hotes__ptit_dej_1__high_res-scaled.jpg\" alt=\"\" class=\"wp-image-76\" style=\"aspect-ratio:1;object-fit:cover\" srcset=\"http:\/\/www.villalesoliviers-cevennes.fr\/wp-content\/uploads\/2025\/03\/villa_les_oliviers_chambres_d_hotes__ptit_dej_1__high_res-scaled.jpg 2560w, http:\/\/www.villalesoliviers-cevennes.fr\/wp-content\/uploads\/2025\/03\/villa_les_oliviers_chambres_d_hotes__ptit_dej_1__high_res-300x226.jpg 300w, http:\/\/www.villalesoliviers-cevennes.fr\/wp-content\/uploads\/2025\/03\/villa_les_oliviers_chambres_d_hotes__ptit_dej_1__high_res-1024x770.jpg 1024w, http:\/\/www.villalesoliviers-cevennes.fr\/wp-content\/uploads\/2025\/03\/villa_les_oliviers_chambres_d_hotes__ptit_dej_1__high_res-768x578.jpg 768w, http:\/\/www.villalesoliviers-cevennes.fr\/wp-content\/uploads\/2025\/03\/villa_les_oliviers_chambres_d_hotes__ptit_dej_1__high_res-1536x1155.jpg 1536w, http:\/\/www.villalesoliviers-cevennes.fr\/wp-content\/uploads\/2025\/03\/villa_les_oliviers_chambres_d_hotes__ptit_dej_1__high_res-2048x1541.jpg 2048w\" sizes=\"auto, (max-width: 2560px) 100vw, 2560px\" \/><\/figure>\n\n\n\n<figure class=\"wp-block-image size-full\"><img loading=\"lazy\" decoding=\"async\" width=\"1873\" height=\"1872\" src=\"http:\/\/kodbehn.cluster100.hosting.ovh.net\/wp-content\/uploads\/2025\/02\/villa_les_oliviers_chambres_d_hotes__cascade__high_res.jpg\" alt=\"\" class=\"wp-image-22\" style=\"aspect-ratio:1;object-fit:cover\" srcset=\"http:\/\/www.villalesoliviers-cevennes.fr\/wp-content\/uploads\/2025\/02\/villa_les_oliviers_chambres_d_hotes__cascade__high_res.jpg 1873w, http:\/\/www.villalesoliviers-cevennes.fr\/wp-content\/uploads\/2025\/02\/villa_les_oliviers_chambres_d_hotes__cascade__high_res-300x300.jpg 300w, http:\/\/www.villalesoliviers-cevennes.fr\/wp-content\/uploads\/2025\/02\/villa_les_oliviers_chambres_d_hotes__cascade__high_res-1024x1024.jpg 1024w, http:\/\/www.villalesoliviers-cevennes.fr\/wp-content\/uploads\/2025\/02\/villa_les_oliviers_chambres_d_hotes__cascade__high_res-150x150.jpg 150w, http:\/\/www.villalesoliviers-cevennes.fr\/wp-content\/uploads\/2025\/02\/villa_les_oliviers_chambres_d_hotes__cascade__high_res-768x768.jpg 768w, http:\/\/www.villalesoliviers-cevennes.fr\/wp-content\/uploads\/2025\/02\/villa_les_oliviers_chambres_d_hotes__cascade__high_res-1536x1536.jpg 1536w\" sizes=\"auto, (max-width: 1873px) 100vw, 1873px\" \/><\/figure>\n\n\n\n<figure class=\"wp-block-image size-full\"><img loading=\"lazy\" decoding=\"async\" width=\"2560\" height=\"1440\" src=\"http:\/\/kodbehn.cluster100.hosting.ovh.net\/wp-content\/uploads\/2025\/02\/villa_les_oliviers_chambres_d_hotes__village_haut__high_res-scaled.jpg\" alt=\"\" class=\"wp-image-17\" style=\"aspect-ratio:1;object-fit:cover\" srcset=\"http:\/\/www.villalesoliviers-cevennes.fr\/wp-content\/uploads\/2025\/02\/villa_les_oliviers_chambres_d_hotes__village_haut__high_res-scaled.jpg 2560w, http:\/\/www.villalesoliviers-cevennes.fr\/wp-content\/uploads\/2025\/02\/villa_les_oliviers_chambres_d_hotes__village_haut__high_res-300x169.jpg 300w, http:\/\/www.villalesoliviers-cevennes.fr\/wp-content\/uploads\/2025\/02\/villa_les_oliviers_chambres_d_hotes__village_haut__high_res-1024x576.jpg 1024w, http:\/\/www.villalesoliviers-cevennes.fr\/wp-content\/uploads\/2025\/02\/villa_les_oliviers_chambres_d_hotes__village_haut__high_res-768x432.jpg 768w, http:\/\/www.villalesoliviers-cevennes.fr\/wp-content\/uploads\/2025\/02\/villa_les_oliviers_chambres_d_hotes__village_haut__high_res-1536x864.jpg 1536w, http:\/\/www.villalesoliviers-cevennes.fr\/wp-content\/uploads\/2025\/02\/villa_les_oliviers_chambres_d_hotes__village_haut__high_res-2048x1152.jpg 2048w\" sizes=\"auto, (max-width: 2560px) 100vw, 2560px\" \/><\/figure>\n\n\n\n<figure class=\"wp-block-image size-full\"><img loading=\"lazy\" decoding=\"async\" width=\"1920\" height=\"1149\" src=\"http:\/\/kodbehn.cluster100.hosting.ovh.net\/wp-content\/uploads\/2025\/02\/villa_les_oliviers_chambres_d_hotes__chambre_jaune_overview__high_res.jpg\" alt=\"\" class=\"wp-image-24\" style=\"aspect-ratio:1;object-fit:cover\" srcset=\"http:\/\/www.villalesoliviers-cevennes.fr\/wp-content\/uploads\/2025\/02\/villa_les_oliviers_chambres_d_hotes__chambre_jaune_overview__high_res.jpg 1920w, http:\/\/www.villalesoliviers-cevennes.fr\/wp-content\/uploads\/2025\/02\/villa_les_oliviers_chambres_d_hotes__chambre_jaune_overview__high_res-300x180.jpg 300w, http:\/\/www.villalesoliviers-cevennes.fr\/wp-content\/uploads\/2025\/02\/villa_les_oliviers_chambres_d_hotes__chambre_jaune_overview__high_res-1024x613.jpg 1024w, http:\/\/www.villalesoliviers-cevennes.fr\/wp-content\/uploads\/2025\/02\/villa_les_oliviers_chambres_d_hotes__chambre_jaune_overview__high_res-768x460.jpg 768w, http:\/\/www.villalesoliviers-cevennes.fr\/wp-content\/uploads\/2025\/02\/villa_les_oliviers_chambres_d_hotes__chambre_jaune_overview__high_res-1536x919.jpg 1536w\" sizes=\"auto, (max-width: 1920px) 100vw, 1920px\" \/><\/figure>\n\n\n\n<figure class=\"wp-block-image size-full\"><img loading=\"lazy\" decoding=\"async\" width=\"2560\" height=\"1967\" src=\"http:\/\/kodbehn.cluster100.hosting.ovh.net\/wp-content\/uploads\/2025\/02\/villa_les_oliviers_chambres_d_hotes__appartement_2__high_res-scaled.jpg\" alt=\"\" class=\"wp-image-31\" style=\"aspect-ratio:1;object-fit:cover\" srcset=\"http:\/\/www.villalesoliviers-cevennes.fr\/wp-content\/uploads\/2025\/02\/villa_les_oliviers_chambres_d_hotes__appartement_2__high_res-scaled.jpg 2560w, http:\/\/www.villalesoliviers-cevennes.fr\/wp-content\/uploads\/2025\/02\/villa_les_oliviers_chambres_d_hotes__appartement_2__high_res-300x230.jpg 300w, http:\/\/www.villalesoliviers-cevennes.fr\/wp-content\/uploads\/2025\/02\/villa_les_oliviers_chambres_d_hotes__appartement_2__high_res-1024x787.jpg 1024w, http:\/\/www.villalesoliviers-cevennes.fr\/wp-content\/uploads\/2025\/02\/villa_les_oliviers_chambres_d_hotes__appartement_2__high_res-768x590.jpg 768w, http:\/\/www.villalesoliviers-cevennes.fr\/wp-content\/uploads\/2025\/02\/villa_les_oliviers_chambres_d_hotes__appartement_2__high_res-1536x1180.jpg 1536w, http:\/\/www.villalesoliviers-cevennes.fr\/wp-content\/uploads\/2025\/02\/villa_les_oliviers_chambres_d_hotes__appartement_2__high_res-2048x1573.jpg 2048w\" sizes=\"auto, (max-width: 2560px) 100vw, 2560px\" \/><\/figure>\n\n\n\n<figure class=\"wp-block-image size-full\"><img loading=\"lazy\" decoding=\"async\" width=\"2560\" height=\"1621\" src=\"http:\/\/kodbehn.cluster100.hosting.ovh.net\/wp-content\/uploads\/2025\/02\/villa_les_oliviers_chambres_d_hotes__appartement_4__high_res-scaled.jpg\" alt=\"\" class=\"wp-image-21\" style=\"aspect-ratio:1;object-fit:cover\" srcset=\"http:\/\/www.villalesoliviers-cevennes.fr\/wp-content\/uploads\/2025\/02\/villa_les_oliviers_chambres_d_hotes__appartement_4__high_res-scaled.jpg 2560w, http:\/\/www.villalesoliviers-cevennes.fr\/wp-content\/uploads\/2025\/02\/villa_les_oliviers_chambres_d_hotes__appartement_4__high_res-300x190.jpg 300w, http:\/\/www.villalesoliviers-cevennes.fr\/wp-content\/uploads\/2025\/02\/villa_les_oliviers_chambres_d_hotes__appartement_4__high_res-1024x648.jpg 1024w, http:\/\/www.villalesoliviers-cevennes.fr\/wp-content\/uploads\/2025\/02\/villa_les_oliviers_chambres_d_hotes__appartement_4__high_res-768x486.jpg 768w, http:\/\/www.villalesoliviers-cevennes.fr\/wp-content\/uploads\/2025\/02\/villa_les_oliviers_chambres_d_hotes__appartement_4__high_res-1536x973.jpg 1536w, http:\/\/www.villalesoliviers-cevennes.fr\/wp-content\/uploads\/2025\/02\/villa_les_oliviers_chambres_d_hotes__appartement_4__high_res-2048x1297.jpg 2048w\" sizes=\"auto, (max-width: 2560px) 100vw, 2560px\" \/><\/figure>\n\n\n\n<figure class=\"wp-block-image size-full\"><img loading=\"lazy\" decoding=\"async\" width=\"1024\" height=\"768\" src=\"http:\/\/kodbehn.cluster100.hosting.ovh.net\/wp-content\/uploads\/2025\/03\/villa_les_oliviers_chambres_d_hotes__ptit_dej_3__high_res.jpg\" alt=\"\" class=\"wp-image-79\" style=\"aspect-ratio:1;object-fit:cover\" srcset=\"http:\/\/www.villalesoliviers-cevennes.fr\/wp-content\/uploads\/2025\/03\/villa_les_oliviers_chambres_d_hotes__ptit_dej_3__high_res.jpg 1024w, http:\/\/www.villalesoliviers-cevennes.fr\/wp-content\/uploads\/2025\/03\/villa_les_oliviers_chambres_d_hotes__ptit_dej_3__high_res-300x225.jpg 300w, http:\/\/www.villalesoliviers-cevennes.fr\/wp-content\/uploads\/2025\/03\/villa_les_oliviers_chambres_d_hotes__ptit_dej_3__high_res-768x576.jpg 768w\" sizes=\"auto, (max-width: 1024px) 100vw, 1024px\" \/><\/figure>\n\n\n\n<figure class=\"wp-block-image size-full\"><img loading=\"lazy\" decoding=\"async\" width=\"1920\" height=\"933\" src=\"http:\/\/kodbehn.cluster100.hosting.ovh.net\/wp-content\/uploads\/2025\/02\/villa_les_oliviers_chambres_d_hotes__rando_paysage_1__high_res.jpg\" alt=\"\" class=\"wp-image-27\" style=\"aspect-ratio:1;object-fit:cover\" srcset=\"http:\/\/www.villalesoliviers-cevennes.fr\/wp-content\/uploads\/2025\/02\/villa_les_oliviers_chambres_d_hotes__rando_paysage_1__high_res.jpg 1920w, http:\/\/www.villalesoliviers-cevennes.fr\/wp-content\/uploads\/2025\/02\/villa_les_oliviers_chambres_d_hotes__rando_paysage_1__high_res-300x146.jpg 300w, http:\/\/www.villalesoliviers-cevennes.fr\/wp-content\/uploads\/2025\/02\/villa_les_oliviers_chambres_d_hotes__rando_paysage_1__high_res-1024x498.jpg 1024w, http:\/\/www.villalesoliviers-cevennes.fr\/wp-content\/uploads\/2025\/02\/villa_les_oliviers_chambres_d_hotes__rando_paysage_1__high_res-768x373.jpg 768w, http:\/\/www.villalesoliviers-cevennes.fr\/wp-content\/uploads\/2025\/02\/villa_les_oliviers_chambres_d_hotes__rando_paysage_1__high_res-1536x746.jpg 1536w\" sizes=\"auto, (max-width: 1920px) 100vw, 1920px\" \/><\/figure>\n\n\n\n<figure class=\"wp-block-image size-full\"><img loading=\"lazy\" decoding=\"async\" width=\"2560\" height=\"1309\" src=\"http:\/\/kodbehn.cluster100.hosting.ovh.net\/wp-content\/uploads\/2025\/02\/villa_les_oliviers_chambres_d_hotes__cascade_bas__high_res-scaled.jpg\" alt=\"\" class=\"wp-image-23\" style=\"aspect-ratio:1;object-fit:cover\" srcset=\"http:\/\/www.villalesoliviers-cevennes.fr\/wp-content\/uploads\/2025\/02\/villa_les_oliviers_chambres_d_hotes__cascade_bas__high_res-scaled.jpg 2560w, http:\/\/www.villalesoliviers-cevennes.fr\/wp-content\/uploads\/2025\/02\/villa_les_oliviers_chambres_d_hotes__cascade_bas__high_res-300x153.jpg 300w, http:\/\/www.villalesoliviers-cevennes.fr\/wp-content\/uploads\/2025\/02\/villa_les_oliviers_chambres_d_hotes__cascade_bas__high_res-1024x524.jpg 1024w, http:\/\/www.villalesoliviers-cevennes.fr\/wp-content\/uploads\/2025\/02\/villa_les_oliviers_chambres_d_hotes__cascade_bas__high_res-768x393.jpg 768w, http:\/\/www.villalesoliviers-cevennes.fr\/wp-content\/uploads\/2025\/02\/villa_les_oliviers_chambres_d_hotes__cascade_bas__high_res-1536x785.jpg 1536w, http:\/\/www.villalesoliviers-cevennes.fr\/wp-content\/uploads\/2025\/02\/villa_les_oliviers_chambres_d_hotes__cascade_bas__high_res-2048x1047.jpg 2048w\" sizes=\"auto, (max-width: 2560px) 100vw, 2560px\" \/><\/figure>\n\n\n\n<figure class=\"wp-block-image size-full\"><img loading=\"lazy\" decoding=\"async\" width=\"2560\" height=\"1382\" src=\"http:\/\/kodbehn.cluster100.hosting.ovh.net\/wp-content\/uploads\/2025\/02\/villa_les_oliviers_chambres_d_hotes__vis_drone__high_res-scaled.jpg\" alt=\"\" class=\"wp-image-18\" style=\"aspect-ratio:1;object-fit:cover\" srcset=\"http:\/\/www.villalesoliviers-cevennes.fr\/wp-content\/uploads\/2025\/02\/villa_les_oliviers_chambres_d_hotes__vis_drone__high_res-scaled.jpg 2560w, http:\/\/www.villalesoliviers-cevennes.fr\/wp-content\/uploads\/2025\/02\/villa_les_oliviers_chambres_d_hotes__vis_drone__high_res-300x162.jpg 300w, http:\/\/www.villalesoliviers-cevennes.fr\/wp-content\/uploads\/2025\/02\/villa_les_oliviers_chambres_d_hotes__vis_drone__high_res-1024x553.jpg 1024w, http:\/\/www.villalesoliviers-cevennes.fr\/wp-content\/uploads\/2025\/02\/villa_les_oliviers_chambres_d_hotes__vis_drone__high_res-768x415.jpg 768w, http:\/\/www.villalesoliviers-cevennes.fr\/wp-content\/uploads\/2025\/02\/villa_les_oliviers_chambres_d_hotes__vis_drone__high_res-1536x829.jpg 1536w, http:\/\/www.villalesoliviers-cevennes.fr\/wp-content\/uploads\/2025\/02\/villa_les_oliviers_chambres_d_hotes__vis_drone__high_res-2048x1106.jpg 2048w\" sizes=\"auto, (max-width: 2560px) 100vw, 2560px\" \/><\/figure>\n\n\n\n<figure class=\"wp-block-image size-full\"><img loading=\"lazy\" decoding=\"async\" width=\"2560\" height=\"1244\" src=\"http:\/\/kodbehn.cluster100.hosting.ovh.net\/wp-content\/uploads\/2025\/02\/villa_les_oliviers_chambres_d_hotes__rando_paysage_2__high_res-scaled.jpg\" alt=\"\" class=\"wp-image-28\" style=\"aspect-ratio:1;object-fit:cover\" srcset=\"http:\/\/www.villalesoliviers-cevennes.fr\/wp-content\/uploads\/2025\/02\/villa_les_oliviers_chambres_d_hotes__rando_paysage_2__high_res-scaled.jpg 2560w, http:\/\/www.villalesoliviers-cevennes.fr\/wp-content\/uploads\/2025\/02\/villa_les_oliviers_chambres_d_hotes__rando_paysage_2__high_res-300x146.jpg 300w, http:\/\/www.villalesoliviers-cevennes.fr\/wp-content\/uploads\/2025\/02\/villa_les_oliviers_chambres_d_hotes__rando_paysage_2__high_res-1024x498.jpg 1024w, http:\/\/www.villalesoliviers-cevennes.fr\/wp-content\/uploads\/2025\/02\/villa_les_oliviers_chambres_d_hotes__rando_paysage_2__high_res-768x373.jpg 768w, http:\/\/www.villalesoliviers-cevennes.fr\/wp-content\/uploads\/2025\/02\/villa_les_oliviers_chambres_d_hotes__rando_paysage_2__high_res-1536x747.jpg 1536w, http:\/\/www.villalesoliviers-cevennes.fr\/wp-content\/uploads\/2025\/02\/villa_les_oliviers_chambres_d_hotes__rando_paysage_2__high_res-2048x996.jpg 2048w\" sizes=\"auto, (max-width: 2560px) 100vw, 2560px\" \/><\/figure>\n<\/div>\n<\/div>\n\n\n\n\n\n<p><\/p>\n","protected":false},"excerpt":{"rendered":"<p>Gallerie photos Nouveaut\u00e9s Tout comme les fleurs qui \u00e9closent dans des endroits inattendus, chaque histoire se d\u00e9ploie avec beaut\u00e9 et r\u00e9silience, r\u00e9v\u00e9lant des merveilles cach\u00e9es.<\/p>\n","protected":false},"author":1,"featured_media":28,"parent":0,"menu_order":0,"comment_status":"closed","ping_status":"closed","template":"","meta":{"footnotes":""},"class_list":["post-190","page","type-page","status-publish","has-post-thumbnail","hentry"],"_links":{"self":[{"href":"https:\/\/villalesoliviers-cevennes.fr\/index.php\/wp-json\/wp\/v2\/pages\/190","targetHints":{"allow":["GET"]}}],"collection":[{"href":"https:\/\/villalesoliviers-cevennes.fr\/index.php\/wp-json\/wp\/v2\/pages"}],"about":[{"href":"https:\/\/villalesoliviers-cevennes.fr\/index.php\/wp-json\/wp\/v2\/types\/page"}],"author":[{"embeddable":true,"href":"https:\/\/villalesoliviers-cevennes.fr\/index.php\/wp-json\/wp\/v2\/users\/1"}],"replies":[{"embeddable":true,"href":"https:\/\/villalesoliviers-cevennes.fr\/index.php\/wp-json\/wp\/v2\/comments?post=190"}],"version-history":[{"count":5,"href":"https:\/\/villalesoliviers-cevennes.fr\/index.php\/wp-json\/wp\/v2\/pages\/190\/revisions"}],"predecessor-version":[{"id":198,"href":"https:\/\/villalesoliviers-cevennes.fr\/index.php\/wp-json\/wp\/v2\/pages\/190\/revisions\/198"}],"wp:featuredmedia":[{"embeddable":true,"href":"https:\/\/villalesoliviers-cevennes.fr\/index.php\/wp-json\/wp\/v2\/media\/28"}],"wp:attachment":[{"href":"https:\/\/villalesoliviers-cevennes.fr\/index.php\/wp-json\/wp\/v2\/media?parent=190"}],"curies":[{"name":"wp","href":"https:\/\/api.w.org\/{rel}","templated":true}]}}